{"id":1280,"date":"2017-07-30T09:21:57","date_gmt":"2017-07-30T09:21:57","guid":{"rendered":"http:\/\/medicine-plus.cmsmasters.net\/?page_id=1280"},"modified":"2017-07-30T09:21:57","modified_gmt":"2017-07-30T09:21:57","slug":"yonlendirme","status":"publish","type":"page","link":"https:\/\/ogretmendental.com.tr\/index.php\/yonlendirme\/","title":{"rendered":"Y\u00f6nlendirme."},"content":{"rendered":"<p>Mesaj\u0131n\u0131z ve talebiniz al\u0131nm\u0131\u015ft\u0131r. Size d\u00f6n\u00fc\u015f yapmam\u0131z\u0131 bekleyiniz.<\/p>\n<p><a href=\"http:\/\/ogretmendental.com.tr\/index.php\/2018\/01\/31\/implant-nedir\/\"><img loading=\"lazy\" decoding=\"async\" class=\"alignnone size-medium wp-image-4328\" src=\"http:\/\/ogretmendental.com.tr\/wp-content\/uploads\/2017\/12\/loogo-300x55.png\" alt=\"\" width=\"300\" height=\"55\" \/><\/a><\/p>\n","protected":false},"excerpt":{"rendered":"<p>Mesaj\u0131n\u0131z ve talebiniz al\u0131nm\u0131\u015ft\u0131r. Size d\u00f6n\u00fc\u015f yapmam\u0131z\u0131 bekleyiniz.<\/p>\n","protected":false},"author":1,"featured_media":0,"parent":0,"menu_order":0,"comment_status":"closed","ping_status":"closed","template":"","meta":{"footnotes":""},"class_list":["post-1280","page","type-page","status-publish","hentry"],"_links":{"self":[{"href":"https:\/\/ogretmendental.com.tr\/index.php\/wp-json\/wp\/v2\/pages\/1280","targetHints":{"allow":["GET"]}}],"collection":[{"href":"https:\/\/ogretmendental.com.tr\/index.php\/wp-json\/wp\/v2\/pages"}],"about":[{"href":"https:\/\/ogretmendental.com.tr\/index.php\/wp-json\/wp\/v2\/types\/page"}],"author":[{"embeddable":true,"href":"https:\/\/ogretmendental.com.tr\/index.php\/wp-json\/wp\/v2\/users\/1"}],"replies":[{"embeddable":true,"href":"https:\/\/ogretmendental.com.tr\/index.php\/wp-json\/wp\/v2\/comments?post=1280"}],"version-history":[{"count":0,"href":"https:\/\/ogretmendental.com.tr\/index.php\/wp-json\/wp\/v2\/pages\/1280\/revisions"}],"wp:attachment":[{"href":"https:\/\/ogretmendental.com.tr\/index.php\/wp-json\/wp\/v2\/media?parent=1280"}],"curies":[{"name":"wp","href":"https:\/\/api.w.org\/{rel}","templated":true}]}}