{"id":33,"date":"2017-12-18T17:22:04","date_gmt":"2017-12-18T17:22:04","guid":{"rendered":"http:\/\/www.ogretmendental.com.tr\/?page_id=11"},"modified":"2017-12-18T17:22:04","modified_gmt":"2017-12-18T17:22:04","slug":"bize-ulasin","status":"publish","type":"page","link":"https:\/\/ogretmendental.com.tr\/index.php\/bize-ulasin\/","title":{"rendered":"Bize Ula\u015f\u0131n"},"content":{"rendered":"<p><iframe loading=\"lazy\" src=\"https:\/\/www.google.com\/maps\/d\/embed?mid=1HdamfJ6OAuCQP1A4i1Tjey_qfpxFK-BF\" width=\"1200\" height=\"500\"><span data-mce-type=\"bookmark\" style=\"display: inline-block; width: 0px; overflow: hidden; line-height: 0;\" class=\"mce_SELRES_start\">\ufeff<\/span><\/iframe><\/p>\n<p>[pirate_forms]<\/p>\n<h3><img loading=\"lazy\" decoding=\"async\" class=\"wp-image-5074 alignleft\" src=\"http:\/\/ogretmendental.com.tr\/wp-content\/uploads\/2019\/01\/contact-1024x496.jpg\" alt=\"\" width=\"368\" height=\"178\" \/><span style=\"color: #000000;\">Telefon 1 : 0342 232 57 87<\/span><\/h3>\n<h3><span style=\"color: #000000;\">Telefon 2 : 0342 232 57 88<\/span><\/h3>\n<h3><span style=\"color: #000000;\">Telefon 3 : 0850 221 79 91<\/span><\/h3>\n<h3><span style=\"color: #000000;\">E-Posta : info@ogretmendental.com.tr<\/span><\/h3>\n<h3><span style=\"color: #000000;\">Adres : \u0130ncilip\u0131nar Mahallesi Ali Fuat Cebesoy Bulvar\u0131 No:15\/A\u00a0 \u015eehitkamil \/ GAZ\u0130ANTEP<\/span><\/h3>\n","protected":false},"excerpt":{"rendered":"<p>\ufeff [pirate_forms] Telefon 1 : 0342 232 57 87 Telefon 2 : 0342 232 57 88 Telefon 3 : 0850 221 79 91 E-Posta : info@ogretmendental.com.tr Adres : \u0130ncilip\u0131nar Mahallesi Ali Fuat Cebesoy Bulvar\u0131 No:15\/A\u00a0 \u015eehitkamil \/ GAZ\u0130ANTEP<\/p>\n","protected":false},"author":1,"featured_media":0,"parent":0,"menu_order":0,"comment_status":"closed","ping_status":"closed","template":"","meta":{"footnotes":""},"class_list":["post-33","page","type-page","status-publish","hentry"],"_links":{"self":[{"href":"https:\/\/ogretmendental.com.tr\/index.php\/wp-json\/wp\/v2\/pages\/33","targetHints":{"allow":["GET"]}}],"collection":[{"href":"https:\/\/ogretmendental.com.tr\/index.php\/wp-json\/wp\/v2\/pages"}],"about":[{"href":"https:\/\/ogretmendental.com.tr\/index.php\/wp-json\/wp\/v2\/types\/page"}],"author":[{"embeddable":true,"href":"https:\/\/ogretmendental.com.tr\/index.php\/wp-json\/wp\/v2\/users\/1"}],"replies":[{"embeddable":true,"href":"https:\/\/ogretmendental.com.tr\/index.php\/wp-json\/wp\/v2\/comments?post=33"}],"version-history":[{"count":0,"href":"https:\/\/ogretmendental.com.tr\/index.php\/wp-json\/wp\/v2\/pages\/33\/revisions"}],"wp:attachment":[{"href":"https:\/\/ogretmendental.com.tr\/index.php\/wp-json\/wp\/v2\/media?parent=33"}],"curies":[{"name":"wp","href":"https:\/\/api.w.org\/{rel}","templated":true}]}}