{"id":4448,"date":"2018-01-20T16:11:44","date_gmt":"2018-01-20T16:11:44","guid":{"rendered":"http:\/\/www.ogretmendental.com.tr\/?page_id=4448"},"modified":"2018-01-20T16:11:44","modified_gmt":"2018-01-20T16:11:44","slug":"hasta-haklari-2","status":"publish","type":"page","link":"https:\/\/ogretmendental.com.tr\/index.php\/hasta-haklari-2\/","title":{"rendered":"Hasta Haklar\u0131"},"content":{"rendered":"<p><img loading=\"lazy\" decoding=\"async\" class=\"alignleft wp-image-4449 size-full\" src=\"http:\/\/ogretmendental.com.tr\/wp-content\/uploads\/2018\/01\/hasta-haklari.png\" alt=\"\" width=\"730\" height=\"259\" \/><strong>HASTA VE HASTA YAKINLARININ HAKLARI VE SORUMLULUKLARI<\/strong><\/p>\n<p>Sa\u011fl\u0131k hepimiz i\u00e7in en \u00f6nemli de\u011ferdir. Varl\u0131\u011f\u0131nda anlayamad\u0131\u011f\u0131m\u0131z sa\u011fl\u0131\u011f\u0131m\u0131z\u0131n k\u0131ymetini kaybedince anlar, hastaland\u0131\u011f\u0131m\u0131z zaman mutlulu\u011fumuzda ne kadar \u00f6nemli bir pay\u0131 oldu\u011funu fark ederiz.<br \/>\nFatih \u00dcniversitesi T\u0131p Fak\u00fcltesi Hastanesi, hem bozulan sa\u011fl\u0131\u011f\u0131n\u0131z\u0131 yeniden kazanmay\u0131 hem de eskisi gibi mutlu olmay\u0131 bekleyerek ba\u015fvurdunuz. Burada kar\u015f\u0131n\u0131za \u00e7\u0131kan, g\u00fcnl\u00fck hayat\u0131n\u0131zda g\u00f6rmedi\u011finiz uygulamalar ve karma\u015f\u0131k i\u015flemler kar\u015f\u0131s\u0131nda daha \u00e7ok \u015fa\u015f\u0131rabilir, bazen ne yapaca\u011f\u0131n\u0131z\u0131 bilemeyebilirsiniz. \u0130\u015fte bu noktada sizi hem sa\u011fl\u0131\u011f\u0131n\u0131za kavu\u015fturmak, hem de bunu hangi yolla yapaca\u011f\u0131n\u0131z konusunda bilgilendirmek konusunda sorumlulu\u011fumuz oldu\u011funun bilincindeyiz&#8230;<\/p>\n<p><strong>HASTA VE HASTA YAKINLARININ HAKLARI<\/strong><\/p>\n<p>T\u00fcm bu haklar\u0131n amac\u0131 Fatih \u00dcniversitesi T\u0131p Fak\u00fcltesi Hastanesinde &#8220;insan sa\u011fl\u0131\u011f\u0131n\u0131n y\u00fcksek d\u00fczeyde korunmas\u0131n\u0131&#8221; ve sizlere sa\u011fl\u0131k hizmetlerinin y\u00fcksek kalitede sunulmas\u0131n\u0131 sa\u011flamakt\u0131r.<\/p>\n<p><strong>Ya\u015fama Hakk\u0131<\/strong><\/p>\n<p>Hangi nedenle olursa olsun hastalar\u0131n ya\u015fama hakk\u0131ndan vazge\u00e7ilemez, kendi iste\u011fi bile olsa kimsenin ya\u015fam\u0131na son verilemez.<\/p>\n<p><strong>Koruyucu Tedbirlerin Al\u0131nmas\u0131 Hakk\u0131<\/strong><\/p>\n<p>Her bir birey hastal\u0131ktan korunmak i\u00e7in uygun hizmet alma hakk\u0131na sahiptir. Bu amaca ula\u015fmak i\u00e7in sa\u011fl\u0131k hizmet sunucular\u0131n\u0131n g\u00f6revi, sa\u011fl\u0131k hizmetlerinden, en son profesyonel bilgiden ve teknolojik yeniliklerden herkesin yararlanmas\u0131n\u0131 sa\u011flamakt\u0131r. Ayr\u0131ca koruyucu sa\u011fl\u0131k hizmetleri konusunda hastanemizden bilgi alabilirsiniz.<\/p>\n<p><strong>Faydalanma Hakk\u0131<\/strong><\/p>\n<p>Her birey sa\u011fl\u0131k ihtiya\u00e7lar\u0131n\u0131n kar\u015f\u0131lanmas\u0131 i\u00e7in sa\u011fl\u0131k hizmetlerinden faydalanma hakk\u0131na sahiptir. Sa\u011fl\u0131k hizmetleri (t\u00fcm tetkik, tan\u0131 ve tedavi) dil, din, \u0131rk, cinsiyet, d\u00fc\u015f\u00fcnce fark\u0131 g\u00f6zetmeksizin e\u015fit olarak verilmeli ve hastal\u0131\u011f\u0131n t\u00fcr\u00fc, zaman, ikamet yeri veya mali kaynaklar konusunda ayr\u0131m yap\u0131lmamal\u0131d\u0131r. Fiziksel yeterlili\u011fi tam olmayan hastalar da t\u00fcm haklardan e\u015fit olarak faydalanmal\u0131d\u0131r.<br \/>\nOrgan nakli\/deneysel ara\u015ft\u0131rma gibi uygulamalarda \u00fclkenin yasa ve y\u00f6netmelikleri \u00e7er\u00e7evesinde yararlanma hakk\u0131na sahiptir.<\/p>\n<p><strong>Bilgi Hakk\u0131<\/strong><\/p>\n<p>Her bireyin kendi sa\u011fl\u0131k durumu hakk\u0131nda, mevcut sa\u011fl\u0131k hizmetleri ve onlardan nas\u0131l yararlanabilece\u011fi konusunda ve t\u00fcm bilimsel ara\u015ft\u0131rma sonu\u00e7lar\u0131 ve teknolojik yenilikler ile ilgili bilgi alma hakk\u0131na sahiptir. Sa\u011fl\u0131k hizmetleri hastan\u0131n kolay ula\u015fabilece\u011fi y\u00f6ntemle ve anlayaca\u011f\u0131 dilde verilmelidir.<br \/>\n\u2022 Hizmet alaca\u011f\u0131 personelin kimli\u011fini ve g\u00f6revini bilme,<br \/>\n\u2022 Alaca\u011f\u0131 hizmetin bedelini \u00f6\u011frenme ve sonras\u0131nda faturas\u0131n\u0131 isteme,<br \/>\n\u2022 Talep etti\u011finde ek \u00fccret ile ba\u015fka bir hekimden kons\u00fcltasyon hizmeti alma,<br \/>\n\u2022 Kendisine uygulanacak tedavi ve uygulamalar konusunda bilgi alma hakk\u0131 vard\u0131r.<\/p>\n<p><strong>T\u0131bbi Kay\u0131tlar\u0131na Eri\u015fim Hakk\u0131<\/strong><\/p>\n<p>Hastalar\u0131n kendi dosyalar\u0131nda ve kay\u0131tlar\u0131nda kendileri ve hastal\u0131klar\u0131 ile ilgili bulunan bilgileri alma, fotokopi ile \u00e7o\u011faltma, soru sorma ve hata varsa onlar\u0131n d\u00fczeltilmesini talep etme hakk\u0131 vard\u0131r.<br \/>\n\u2022 \u00d6len hastalar\u0131n t\u0131bbi kay\u0131tlar\u0131 a\u00e7\u0131k izin ya da mahkeme karar\u0131 ile verilebilir.<br \/>\n\u2022 T\u0131bbi kay\u0131tlar\u0131nda bulunan ve ger\u00e7e\u011fe uymayan hastal\u0131k, tedavi i\u015flemi veya uygulamalar\u0131n de\u011fi\u015ftirilmesini isteme hakk\u0131 vard\u0131r.<br \/>\n\u2022 Yaz\u0131l\u0131 bir talep ile hastan\u0131n t\u00fcm t\u0131bbi kay\u0131tlar\u0131 kendisine veya se\u00e7ti\u011fi ba\u015fka bir kuruma g\u00f6nderilebilir.<\/p>\n<p><strong>R\u0131za (Onay) Hakk\u0131<\/strong><\/p>\n<p>Kendi sa\u011fl\u0131\u011f\u0131 ile ilgili kararlara i\u015ftirak edebilmesi i\u00e7in her birey bilgi alma hakk\u0131na sahiptir. Bu bilgiler herhangi bir i\u015flem ve tedavi i\u00e7in \u015fartt\u0131r. Sa\u011fl\u0131k hizmeti verenler, ger\u00e7ekle\u015fecek herhangi bir ameliyat veya tedaviye ili\u015fkin t\u00fcm bilgileri, riskleri, s\u0131k\u0131nt\u0131lar\u0131, yan-etkileri ve alternatif tedavi se\u00e7enekleri d\u00e2hil olmak \u00fczere hastalara bilgi vermek zorundad\u0131r. Hastan\u0131n onay\u0131, yap\u0131lacak rutin i\u015flemleri de i\u00e7ine al\u0131r.<\/p>\n<p>\u2022 18 ya\u015f\u0131ndan k\u00fc\u00e7\u00fck, bilin\u00e7siz hastalar\u0131n yerine velisi\/vasisi onay verir. Onay vermeyi reddetti\u011fi durumda, doktor \/sa\u011fl\u0131k g\u00f6revlisinin g\u00f6r\u00fc\u015f\u00fc giri\u015fimin hastay\u0131 ilgilendirdi\u011fi y\u00f6n\u00fcnde ise, karar mahkemeye ya da hakem heyeti benzeri bir mercie b\u0131rak\u0131lmal\u0131d\u0131r.<br \/>\n\u2022 Yasal temsilcisinin olmad\u0131\u011f\u0131 ve \u00f6nerilen giri\u015fimin acil oldu\u011fu durumlarda onay olmaks\u0131z\u0131n t\u0131bbi giri\u015fim yap\u0131labilir.<\/p>\n<p><strong>Tedaviyi Reddetme Hakk\u0131<\/strong><\/p>\n<p>Hastan\u0131n tedavi veya t\u0131bbi m\u00fcdahaleye itiraz etme hakk\u0131 veya tedavi s\u00fcrecinde karar\u0131n\u0131 de\u011fi\u015ftirip devam edilmesine kar\u015f\u0131 itiraz etme hakk\u0131 vard\u0131r. Hasta sa\u011fl\u0131k durumu ile ilgili bilgilendirilme konusuna itiraz hakk\u0131na sahiptir.<br \/>\nReddetmesi halinde hastan\u0131n hastanemiz ile ili\u015fi\u011fi kesilir. Tekrar hastanemize ba\u015fvurdu\u011funda, gerekli bak\u0131m ve tedavi alma hakk\u0131 devam etmektedir.<\/p>\n<p><strong>Se\u00e7im Hakk\u0131<\/strong><\/p>\n<p>Yeterli bilgiye sahip her birey farkl\u0131 tedavi y\u00f6ntemleri ve tedaviyi verecek ki\u015filer aras\u0131nda se\u00e7im yapma hakk\u0131na sahiptir. Hasta, hangi te\u015fhis ve tedavi y\u00f6nteminin kullan\u0131laca\u011f\u0131; doktor, uzman veya hastane se\u00e7imi konular\u0131nda karar verme hakk\u0131na sahiptir. Sa\u011fl\u0131k hizmetleri, bu tedaviyi uygulayan di\u011fer sa\u011fl\u0131k kurumlar\u0131, doktorlar ve ba\u015far\u0131 durumu hakk\u0131nda bilgi vererek hastaya se\u00e7me hakk\u0131n\u0131 tan\u0131d\u0131\u011f\u0131n\u0131 g\u00f6stermelidir. Bu hakk\u0131n kullan\u0131m\u0131n\u0131 k\u0131s\u0131tlayan t\u00fcm engeller kald\u0131r\u0131lmal\u0131d\u0131r.<\/p>\n<p><strong>Mahremiyet Hakk\u0131\u00a0<\/strong><\/p>\n<p>Her birey ki\u015fisel bilgileri; sa\u011fl\u0131k durumu, konulan te\u015fhis ve yap\u0131lan tedavi konular\u0131ndaki bilgilerinin yan\u0131 s\u0131ra \u00f6zel ziyaretlerinin gizli tutulmas\u0131n\u0131 talep etme hakk\u0131na sahiptir. Bir bireyin sa\u011fl\u0131k durumuna veya ona uygulanan tedaviye ili\u015fkin bilgileri ve verileri gizli olmal\u0131, muhafaza edilmelidir. T\u0131bbi m\u00fcdahale s\u00fcresince hastan\u0131n ki\u015fisel mahremiyetine sayg\u0131 g\u00f6sterilmeli, i\u015flem uygun bir ortamda yap\u0131lmal\u0131 ve ger\u00e7ekten orada bulunmas\u0131 gerekli olan ki\u015filer nezdinde yap\u0131lmal\u0131d\u0131r. Tedavisi ile ilgili olmayan ki\u015fileri (ziyaret\u00e7iler d\u00e2hil) kabul etmeme hakk\u0131 vard\u0131r.<\/p>\n<p><strong>Hastalar\u0131n Vaktinde Sa\u011fl\u0131k Hizmeti Alma Hakk\u0131<\/strong><\/p>\n<p>Her birey h\u0131zl\u0131 ve \u00f6nceden belirtilen s\u00fcre i\u00e7erisinde gerekli tedaviyi alma hakk\u0131na sahiptir. Bu hak, tedavinin her a\u015famas\u0131 i\u00e7in ge\u00e7erlidir. Belli bir s\u00fcre i\u00e7inde verilmesi gereken hizmetler dikkate al\u0131narak bekleme s\u00fcrelerinin belirlenmesi sa\u011fl\u0131k hizmetlerinin g\u00f6revidir. \u00d6nceden belirlenen s\u00fcre i\u00e7erisinde hastalara sa\u011fl\u0131k hizmeti verilemezse ayn\u0131 kalitede alternatif hizmetleri kullanma se\u00e7ene\u011fi sunulmal\u0131 ve bundan kaynaklanan harcamalar makul bir s\u00fcre i\u00e7erisinde geri \u00f6denmelidir.<br \/>\nDoktorlar hastalar\u0131na bilgi verme s\u00fcresi d\u00e2hil olmak \u00fczere, yeterli zaman ay\u0131rmal\u0131d\u0131r.<\/p>\n<p><strong>Sayg\u0131nl\u0131k G\u00f6rme Hakk\u0131<\/strong><\/p>\n<p>Her bireyin, sayg\u0131, itina ve ihtimam g\u00f6sterilerek, g\u00fcler y\u00fczl\u00fc, nazik, \u015fefkatli ve sa\u011fl\u0131\u011fa uygun \u015fartlar\u0131n sa\u011flanm\u0131\u015f oldu\u011fu, g\u00fcr\u00fclt\u00fc ve rahats\u0131z edici b\u00fct\u00fcn etkenler bertaraf edilmi\u015f bir ortamda sa\u011fl\u0131k hizmeti alma hakk\u0131 vard\u0131r.<br \/>\nHastane \u00e7al\u0131\u015fanlar\u0131 sizinle tart\u0131\u015fma hakk\u0131na sahip de\u011fildir. \u015eik\u00e2yetler hasta haklar\u0131 ofisi ile \u00e7\u00f6z\u00fcmlenir.<\/p>\n<p><strong>Dini Vecibeleri Yerine Getirme Hakk\u0131<\/strong><\/p>\n<p>Kurulu\u015fun imk\u00e2nlar\u0131 \u00f6l\u00e7\u00fcs\u00fcnde ve idarece al\u0131nan tedbirler \u00e7er\u00e7evesinde, hastalar\u0131n dini vecibelerini yerine getirme, inanc\u0131n\u0131n gere\u011fi k\u0131yafetleri giyme, sembolleri kullanma, sosyal ve psikolojik destek alma hakk\u0131 vard\u0131r.<\/p>\n<p><strong>Ziyaret ve Refakat\u00e7i Hakk\u0131<\/strong><\/p>\n<p>Her bireyin, kurum taraf\u0131ndan belirlenen usul ve esaslara uygun olarak ziyaret\u00e7i kabul etme, mevzuat ve imk\u00e2nlar \u00f6l\u00e7\u00fcs\u00fcnde ve hekimin uygun g\u00f6rmesi durumunda refakat\u00e7i bulundurmay\u0131 isteme hakk\u0131 vard\u0131r.<\/p>\n<p><strong>Kalite Standartlar\u0131 Hakk\u0131\u00a0<\/strong><\/p>\n<p>Her birey y\u00fcksek kalitede sa\u011fl\u0131k hizmetinden yararlanma hakk\u0131na sahiptir. Kaliteli sa\u011fl\u0131k hizmeti hakk\u0131, sa\u011fl\u0131k kurumlar\u0131 ve sa\u011fl\u0131k personelinin teknik performans, konfor ve insan ili\u015fkileri a\u00e7\u0131s\u0131ndan tatmin edici seviyelerde sunum yapmas\u0131n\u0131 gerektirir. Sa\u011fl\u0131k g\u00f6revlileri t\u0131bbi etik kurallara ayk\u0131r\u0131 veya aldat\u0131c\u0131 nitelikte tan\u0131 ve tedavi uygulayamaz.<\/p>\n<p><strong>G\u00fcvenlik Hakk\u0131\u00a0<\/strong><\/p>\n<p>K\u00f6t\u00fc i\u015fleyen sa\u011fl\u0131k hizmetlerinden, t\u0131bbi yanl\u0131\u015fl\u0131k ve hatalardan meydana gelen zararlardan her bir bireyin korunma hakk\u0131 vard\u0131r ve y\u00fcksek g\u00fcvenlik standartlar\u0131n\u0131 kar\u015f\u0131layan bir kurumdan ve tedavilerinden yararlanma hakk\u0131 bulunmaktad\u0131r.<\/p>\n<p><strong>Yenilik Hakk\u0131\u00a0<\/strong><\/p>\n<p>Her birey uluslararas\u0131 standartlara g\u00f6re, te\u015fhis prosed\u00fcrleri d\u00e2hil olmak \u00fczere yeniliklerden yararlanma hakk\u0131na sahiptir. Sa\u011fl\u0131k hizmetlerinin g\u00f6revi, \u00f6zellikle az rastlanan hastal\u0131klar\u0131 dikkate alarak ara\u015ft\u0131rmalar yapmak ve onlar\u0131 desteklemektir.<\/p>\n<p><strong>Gereksiz A\u011fr\u0131\/Ac\u0131 ve S\u0131k\u0131nt\u0131dan Sak\u0131nma Hakk\u0131\u00a0<\/strong><\/p>\n<p>Her birey hastal\u0131\u011f\u0131n\u0131n her evresinde, m\u00fcmk\u00fcn oldu\u011fu \u00f6l\u00e7\u00fcde a\u011fr\u0131, ac\u0131 ve s\u0131k\u0131nt\u0131dan korunma hakk\u0131na sahiptir. Sa\u011fl\u0131k hizmetleri, bu ama\u00e7la hastan\u0131n tedavisinin kolay ve rahat ge\u00e7mesi i\u00e7in gerekli tedbirleri almal\u0131d\u0131r.<\/p>\n<p><strong>Ya\u015fam Sonu Bak\u0131m Hakk\u0131<\/strong><\/p>\n<p>Sa\u011fl\u0131k hizmetleri, ya\u015fam\u0131n\u0131n son d\u00f6neminde olan hastalar ve aileleri i\u00e7in \u00f6zel bak\u0131m hizmeti temin etmelidir.<\/p>\n<p><strong>Ki\u015fisel Tedavi Hakk\u0131\u00a0<\/strong><\/p>\n<p>Her birey kendi ki\u015fisel ihtiya\u00e7lar\u0131na g\u00f6re te\u015fhis ve tedavi programlar\u0131n\u0131 y\u00f6nlendirme hakk\u0131na sahiptir. Bu ama\u00e7la sa\u011fl\u0131k hizmetleri, tedavi hakk\u0131n\u0131 her zaman ilk s\u0131rada tutan esnek programlar sa\u011flamal\u0131d\u0131r.<\/p>\n<p><strong>\u015eik\u00e2yet Hakk\u0131\u00a0<\/strong><\/p>\n<p>Her bireyin bir zarar g\u00f6rd\u00fc\u011f\u00fcnde \u015fik\u00e2yette bulunma hakk\u0131 vard\u0131r. Hastalarla ilgilenen t\u00fcm \u00e7al\u0131\u015fanlar, hastalara sahip olduklar\u0131 haklar konusunda bilgi vermelidir. \u015eik\u00e2yet, iletildikten belli bir s\u00fcre sonra Hasta Haklar\u0131 Birimi yetkilileri taraf\u0131ndan s\u00f6zl\u00fc ya da yaz\u0131l\u0131 olarak cevapland\u0131r\u0131lmal\u0131d\u0131r. \u00c7\u00f6z\u00fclemeyen \u015fik\u00e2yetler ile ilgili 6023 say\u0131l\u0131 kanun gere\u011fince ilgili meslek kurulu\u015flar\u0131 ve mahkemelere ba\u015fvuru hakk\u0131 vard\u0131r.<\/p>\n<p><strong>Tazminat Hakk\u0131\u00a0<\/strong><\/p>\n<p>Sa\u011fl\u0131k tedavisi s\u0131ras\u0131nda fiziksel, manevi veya psikolojik zarar g\u00f6ren bireyin k\u0131sa s\u00fcrede tazminat alma hakk\u0131 vard\u0131r. Sa\u011fl\u0131k hizmetleri, sorumlulu\u011fun ger\u00e7ekte kimde oldu\u011fu tespit edilemese bile, zarar\u0131n nedeni ve \u00f6nemi ne olursa olsun, tazminat hakk\u0131n\u0131n her zaman var oldu\u011funu bilmelidir.<\/p>\n<p>\u2022 Hastalar ve yak\u0131nlar\u0131, t\u00fcm bu haklar\u0131n\u0131 anlayabilmek ve kullanabilmek i\u00e7in bilgilendirilme ve gereken deste\u011fe ula\u015fma hakk\u0131na sahiptir.<\/p>\n<p><strong>HASTA VE YAKINLARININ SORUMLULUKLARI<\/strong><\/p>\n<p><strong>Bilgi Verme Sorumlu\u011fu<\/strong><\/p>\n<p>Hasta ve yak\u0131nlar\u0131n\u0131n sa\u011fl\u0131k bilgilerinin (t\u0131bbi \u00f6yk\u00fcs\u00fc, mevcut \u015fik\u00e2yetleri, uygulanan tedaviler, kullan\u0131lan ila\u00e7lar ve vitaminler gibi) hastan\u0131n de\u011ferlendirilmesi, tan\u0131 ve tedavinin sa\u011flanmas\u0131nda gerekli oldu\u011fu i\u00e7in bu bilgileri hastan\u0131n tedavi ve bak\u0131m\u0131ndan do\u011frudan sorumlu olan ki\u015filere tam ve do\u011fru olarak aktarmak hasta ve yak\u0131nlar\u0131n\u0131n sorumlulu\u011fundad\u0131r.<br \/>\nHasta ve yak\u0131nlar\u0131 tan\u0131 ve tedaviyle ilgili a\u00e7\u0131klamalar\u0131 anlamakta g\u00fc\u00e7l\u00fck \u00e7ektiklerinde, bu durumu hastan\u0131n bak\u0131m\u0131ndan sorumlu ki\u015filere bildirmeli ve akla gelen t\u00fcm sorular\u0131 sormal\u0131d\u0131r.<br \/>\nHasta ve yak\u0131nlar\u0131, tedavi ve izlem s\u00fcrecinde kar\u015f\u0131la\u015ft\u0131klar\u0131 beklenmedik geli\u015fmeleri hastan\u0131n bak\u0131m\u0131ndan sorumlu ki\u015filere bildirmelidir.<br \/>\nHasta ve yak\u0131nlar\u0131, hastan\u0131n t\u0131bbi durumu hakk\u0131nda bilgilendirildikten ve a\u00e7\u0131klamalar\u0131 do\u011fru anlay\u0131p anlamad\u0131klar\u0131ndan hastan\u0131n bak\u0131m\u0131ndan sorumlu ki\u015filerle birlikte tekrar de\u011ferlendirdikten sonra, al\u0131nacak kararlara aktif olarak kat\u0131lmal\u0131, yap\u0131lan tedaviye onay verip vermedi\u011fini bildirmelidir.<br \/>\nHastan\u0131n sa\u011fl\u0131\u011f\u0131yla ilgisi olan ve gereksinim duyulan konularda, ilgili birimlere nas\u0131l ula\u015f\u0131laca\u011f\u0131 ve buralardan nas\u0131l yararlan\u0131laca\u011f\u0131 hakk\u0131ndaki soru ve g\u00f6r\u00fc\u015flerini kurumun ilgili birimlerine iletmelidir.<br \/>\nAd, soyad, adres, telefon, kay\u0131t numaras\u0131 gibi temel bilgilerin de\u011fi\u015fmesi durumunda kurumu bilgilendirmelidir.<\/p>\n<p><strong>Tetkik ve Tedavilerini \u00d6deme Sorumlulu\u011fu<\/strong><br \/>\n\u2022 Kabul a\u015famas\u0131nda, \u00f6demenin ne \u015fekilde ve hangi kurum\/kurulu\u015ftan kar\u015f\u0131lanaca\u011f\u0131n\u0131 bildirmelidir.<br \/>\n\u2022 Hasta ve yak\u0131nlar\u0131n\u0131n ald\u0131klar\u0131 sa\u011fl\u0131k hizmetinin mali sorumlulu\u011fu ya da sa\u011fl\u0131k g\u00fcvence sistemi (Sosyal G\u00fcvenlik Kurumu, \u00f6zel sa\u011fl\u0131k sigortas\u0131) gibi kurumlara ait gerekli\/ge\u00e7erli dok\u00fcmanlar\u0131 eksiksiz getirmek hasta ve yak\u0131nlar\u0131na aittir.<br \/>\n\u2022 Acil m\u00fcdahale ve tedavi gerektiren durumlarda hasta veya yetkili temsilcisi hastan\u0131n kurumundan alaca\u011f\u0131 yaz\u0131y\u0131 teslim etmelidir.<br \/>\n\u2022 \u00dccretsiz tedavi hakk\u0131 olan hastalar\u0131m\u0131z\u0131n, bu haklar\u0131n\u0131 belgelerle kesinle\u015ftirme ve \u00fccretsiz hasta bakma kriterlerine uygunlu\u011funu belgeleme sorumlulu\u011fu vard\u0131r.<br \/>\n\u2022 Hasta ve yak\u0131nlar\u0131 kusurlu kullan\u0131m ve kas\u0131tl\u0131 olarak hastane demirba\u015f veya sarf malzemelerine verdi\u011fi zarar\/ziyan\u0131 tazmin etme sorumlulu\u011fundad\u0131r.<\/p>\n<p><strong>\u00d6nerilere Uyma Sorumlulu\u011fu<\/strong><br \/>\n\u2022 Tedavisinden sorumlu yetkili doktor, hem\u015fire ve ilgili sa\u011fl\u0131k personeli taraf\u0131ndan \u00f6nerilen tedaviye onay verdikten sonra geli\u015ftirilen tedavi plan\u0131na uymaktan sorumludur.<\/p>\n<p><strong>Kural ve uygulamalara uyma sorumlulu\u011fu<\/strong><br \/>\n\u2022 Bulunduklar\u0131 sa\u011fl\u0131k kurumunun kural ve uygulamalar\u0131n\u0131 yerine getirmek sorumlulu\u011fu vard\u0131r.<\/p>\n<p><strong>Sayg\u0131 G\u00f6sterme Sorumlulu\u011fu<\/strong><br \/>\n\u2022 Hasta ve yak\u0131nlar\u0131, di\u011fer hastalar\u0131n ve sa\u011fl\u0131k \u00e7al\u0131\u015fanlar\u0131n\u0131n haklar\u0131n\u0131 g\u00f6z \u00f6n\u00fcnde bulundurmal\u0131d\u0131r.<br \/>\n\u2022 Hasta ve yak\u0131nlar\u0131 hastanenin ziyaret politikas\u0131na uymal\u0131d\u0131r.<br \/>\n\u2022 Hasta ve yak\u0131nlar\u0131 hastanenin gizlilik politikas\u0131na uygun davranmal\u0131d\u0131r.<br \/>\n\u2022 Hasta ziyaret\u00e7i say\u0131s\u0131n\u0131n ve buna ba\u011fl\u0131 g\u00fcr\u00fclt\u00fcn\u00fcn fazla oldu\u011fu durumlarda hastane y\u00f6netiminin alaca\u011f\u0131 tedbirlere uymak zorundad\u0131r.<br \/>\n\u2022 Yetkili doktordan uygun g\u00f6r\u00fclmeyen ve tedavi plan\u0131nda bulunmayan herhangi bir ilac\u0131n verilmesini ya da uygulanmas\u0131n\u0131 talep etmemelidir.<br \/>\n\u2022 Hasta ve yak\u0131nlar\u0131, randevu zaman\u0131na ba\u011fl\u0131 kalmal\u0131 ve gecikmeleri \u00f6nlenmeli, gecikme oldu\u011fu durumlarda di\u011fer hastalar\u0131n \u00f6nce g\u00f6r\u00fclmelerini sa\u011flayarak kuruma yard\u0131mc\u0131 olmal\u0131d\u0131r.<\/p>\n","protected":false},"excerpt":{"rendered":"<p>HASTA VE HASTA YAKINLARININ HAKLARI VE SORUMLULUKLARI Sa\u011fl\u0131k hepimiz i\u00e7in en \u00f6nemli de\u011ferdir. Varl\u0131\u011f\u0131nda anlayamad\u0131\u011f\u0131m\u0131z sa\u011fl\u0131\u011f\u0131m\u0131z\u0131n k\u0131ymetini kaybedince anlar, hastaland\u0131\u011f\u0131m\u0131z zaman mutlulu\u011fumuzda ne kadar \u00f6nemli bir pay\u0131 oldu\u011funu fark ederiz. Fatih \u00dcniversitesi T\u0131p Fak\u00fcltesi Hastanesi, hem bozulan sa\u011fl\u0131\u011f\u0131n\u0131z\u0131 yeniden kazanmay\u0131 hem de eskisi gibi mutlu olmay\u0131 bekleyerek ba\u015fvurdunuz. Burada kar\u015f\u0131n\u0131za \u00e7\u0131kan, g\u00fcnl\u00fck hayat\u0131n\u0131zda g\u00f6rmedi\u011finiz uygulamalar [&hellip;]<\/p>\n","protected":false},"author":1,"featured_media":4449,"parent":0,"menu_order":0,"comment_status":"closed","ping_status":"closed","template":"page-templates\/page_fullwidth.php","meta":{"footnotes":""},"class_list":["post-4448","page","type-page","status-publish","has-post-thumbnail","hentry"],"_links":{"self":[{"href":"https:\/\/ogretmendental.com.tr\/index.php\/wp-json\/wp\/v2\/pages\/4448","targetHints":{"allow":["GET"]}}],"collection":[{"href":"https:\/\/ogretmendental.com.tr\/index.php\/wp-json\/wp\/v2\/pages"}],"about":[{"href":"https:\/\/ogretmendental.com.tr\/index.php\/wp-json\/wp\/v2\/types\/page"}],"author":[{"embeddable":true,"href":"https:\/\/ogretmendental.com.tr\/index.php\/wp-json\/wp\/v2\/users\/1"}],"replies":[{"embeddable":true,"href":"https:\/\/ogretmendental.com.tr\/index.php\/wp-json\/wp\/v2\/comments?post=4448"}],"version-history":[{"count":0,"href":"https:\/\/ogretmendental.com.tr\/index.php\/wp-json\/wp\/v2\/pages\/4448\/revisions"}],"wp:featuredmedia":[{"embeddable":true,"href":"https:\/\/ogretmendental.com.tr\/index.php\/wp-json\/wp\/v2\/menu-items\/4449"}],"wp:attachment":[{"href":"https:\/\/ogretmendental.com.tr\/index.php\/wp-json\/wp\/v2\/media?parent=4448"}],"curies":[{"name":"wp","href":"https:\/\/api.w.org\/{rel}","templated":true}]}}